{"id":2712,"date":"2022-08-23T09:11:33","date_gmt":"2022-08-23T07:11:33","guid":{"rendered":"https:\/\/diexca.com\/novaweb2021\/?page_id=2712"},"modified":"2023-11-09T20:23:30","modified_gmt":"2023-11-09T18:23:30","slug":"actualitzar-diexca-grup","status":"publish","type":"page","link":"https:\/\/diexca.com\/novaweb2021\/actualitzar-diexca-grup\/","title":{"rendered":"ACTUALITZAR DIEXCA GRUP"},"content":{"rendered":"<div class=\"fusion-fullwidth fullwidth-box fusion-builder-row-1 fusion-flex-container nonhundred-percent-fullwidth non-hundred-percent-height-scrolling\" style=\"--awb-border-radius-top-left:0px;--awb-border-radius-top-right:0px;--awb-border-radius-bottom-right:0px;--awb-border-radius-bottom-left:0px;--awb-flex-wrap:wrap;\" ><div class=\"fusion-builder-row fusion-row fusion-flex-align-items-flex-start fusion-flex-content-wrap\" style=\"max-width:1248px;margin-left: calc(-4% \/ 2 );margin-right: calc(-4% \/ 2 );\"><div class=\"fusion-layout-column fusion_builder_column fusion-builder-column-0 fusion_builder_column_1_1 1_1 fusion-flex-column\" style=\"--awb-bg-size:cover;--awb-width-large:100%;--awb-margin-top-large:0px;--awb-spacing-right-large:1.92%;--awb-margin-bottom-large:20px;--awb-spacing-left-large:1.92%;--awb-width-medium:100%;--awb-order-medium:0;--awb-spacing-right-medium:1.92%;--awb-spacing-left-medium:1.92%;--awb-width-small:100%;--awb-order-small:0;--awb-spacing-right-small:1.92%;--awb-spacing-left-small:1.92%;\"><div class=\"fusion-column-wrapper fusion-column-has-shadow fusion-flex-justify-content-flex-start fusion-content-layout-column\"><div class=\"fusion-text fusion-text-1\"><h1><span style=\"color: #000000;\"><strong>ACTUALITZA L&#8217;APP DE DIEXCA<\/strong><\/span><\/h1>\n<p><span style=\"color: #000000;\">Selecciona el teu dispositiu, segons si \u00e9s Android o iOS, per descarregar la nova versi\u00f3 de l&#8217;app. <\/span><em><span style=\"color: #000000;\"><span style=\"color: #808080;\">(En cas de tenir l&#8217;\u00faltima versi\u00f3, no far\u00e0 falta accedir a l&#8217;enlla\u00e7)<\/span>.<\/span><\/em><\/p>\n<\/div><\/div><\/div><div class=\"fusion-layout-column fusion_builder_column fusion-builder-column-1 fusion_builder_column_1_2 1_2 fusion-flex-column\" style=\"--awb-bg-size:cover;--awb-width-large:50%;--awb-margin-top-large:0px;--awb-spacing-right-large:3.84%;--awb-margin-bottom-large:20px;--awb-spacing-left-large:3.84%;--awb-width-medium:100%;--awb-order-medium:0;--awb-spacing-right-medium:1.92%;--awb-spacing-left-medium:1.92%;--awb-width-small:100%;--awb-order-small:0;--awb-spacing-right-small:1.92%;--awb-spacing-left-small:1.92%;\"><div class=\"fusion-column-wrapper fusion-column-has-shadow fusion-flex-justify-content-flex-start fusion-content-layout-column\"><div class=\"fusion-text fusion-text-2\"><h1 style=\"text-align: center;\"><span style=\"color: #000000;\">\u00daLTIMA VERSI\u00d3 iOS &#8220;1.2.09&#8221;<\/span><\/h1>\n<\/div><div style=\"text-align:center;\"><a class=\"fusion-button button-flat fusion-button-default-size button-default fusion-button-default button-1 fusion-button-default-span fusion-button-default-type\" target=\"_self\" href=\"https:\/\/apps.apple.com\/es\/app\/diexca-grup\/id1632617129\"><span class=\"fusion-button-text awb-button__text awb-button__text--default\">Fes clic per actualitzar<\/span><\/a><\/div><\/div><\/div><div class=\"fusion-layout-column fusion_builder_column fusion-builder-column-2 fusion_builder_column_1_2 1_2 fusion-flex-column\" style=\"--awb-bg-size:cover;--awb-width-large:50%;--awb-margin-top-large:0px;--awb-spacing-right-large:3.84%;--awb-margin-bottom-large:20px;--awb-spacing-left-large:3.84%;--awb-width-medium:100%;--awb-order-medium:0;--awb-spacing-right-medium:1.92%;--awb-spacing-left-medium:1.92%;--awb-width-small:100%;--awb-order-small:0;--awb-spacing-right-small:1.92%;--awb-spacing-left-small:1.92%;\"><div class=\"fusion-column-wrapper fusion-column-has-shadow fusion-flex-justify-content-flex-start fusion-content-layout-column\"><div class=\"fusion-text fusion-text-3\"><h1 style=\"text-align: center;\"><span style=\"color: #000000;\">\u00daLTIMA VERSI\u00d3 ANDROID &#8220;1.1.47&#8221;<\/span><\/h1>\n<\/div><div style=\"text-align:center;\"><a class=\"fusion-button button-flat fusion-button-default-size button-default fusion-button-default button-2 fusion-button-default-span fusion-button-default-type\" target=\"_self\" href=\"https:\/\/play.google.com\/store\/apps\/details?id=com.farandsoft.diexca&amp;gl=ES\"><span class=\"fusion-button-text awb-button__text awb-button__text--default\">Fes clic per actualitzar<\/span><\/a><\/div><\/div><\/div><\/div><\/div>\n","protected":false},"excerpt":{"rendered":"","protected":false},"author":2,"featured_media":0,"parent":0,"menu_order":0,"comment_status":"closed","ping_status":"closed","template":"","meta":{"_monsterinsights_skip_tracking":false,"_monsterinsights_sitenote_active":false,"_monsterinsights_sitenote_note":"","_monsterinsights_sitenote_category":0,"footnotes":""},"class_list":["post-2712","page","type-page","status-publish","hentry"],"yoast_head":"<!-- This site is optimized with the Yoast SEO plugin v27.1.1 - https:\/\/yoast.com\/product\/yoast-seo-wordpress\/ -->\n<title>ACTUALITZAR DIEXCA GRUP - Diexca<\/title>\n<meta name=\"robots\" content=\"index, follow, max-snippet:-1, max-image-preview:large, max-video-preview:-1\" \/>\n<link rel=\"canonical\" href=\"https:\/\/diexca.com\/novaweb2021\/actualitzar-diexca-grup\/\" \/>\n<meta property=\"og:locale\" content=\"ca_ES\" \/>\n<meta property=\"og:type\" content=\"article\" \/>\n<meta property=\"og:title\" content=\"ACTUALITZAR DIEXCA GRUP - Diexca\" \/>\n<meta property=\"og:url\" content=\"https:\/\/diexca.com\/novaweb2021\/actualitzar-diexca-grup\/\" \/>\n<meta property=\"og:site_name\" content=\"Diexca\" \/>\n<meta property=\"article:modified_time\" content=\"2023-11-09T18:23:30+00:00\" \/>\n<meta name=\"twitter:card\" content=\"summary_large_image\" \/>\n<meta name=\"twitter:label1\" content=\"Temps estimat de lectura\" \/>\n\t<meta name=\"twitter:data1\" content=\"6 minuts\" \/>\n<script type=\"application\/ld+json\" class=\"yoast-schema-graph\">{\"@context\":\"https:\/\/schema.org\",\"@graph\":[{\"@type\":\"WebPage\",\"@id\":\"https:\/\/diexca.com\/novaweb2021\/actualitzar-diexca-grup\/\",\"url\":\"https:\/\/diexca.com\/novaweb2021\/actualitzar-diexca-grup\/\",\"name\":\"ACTUALITZAR DIEXCA GRUP - Diexca\",\"isPartOf\":{\"@id\":\"https:\/\/diexca.com\/novaweb2021\/#website\"},\"datePublished\":\"2022-08-23T07:11:33+00:00\",\"dateModified\":\"2023-11-09T18:23:30+00:00\",\"breadcrumb\":{\"@id\":\"https:\/\/diexca.com\/novaweb2021\/actualitzar-diexca-grup\/#breadcrumb\"},\"inLanguage\":\"ca\",\"potentialAction\":[{\"@type\":\"ReadAction\",\"target\":[\"https:\/\/diexca.com\/novaweb2021\/actualitzar-diexca-grup\/\"]}]},{\"@type\":\"BreadcrumbList\",\"@id\":\"https:\/\/diexca.com\/novaweb2021\/actualitzar-diexca-grup\/#breadcrumb\",\"itemListElement\":[{\"@type\":\"ListItem\",\"position\":1,\"name\":\"Inici\",\"item\":\"https:\/\/diexca.com\/novaweb2021\/\"},{\"@type\":\"ListItem\",\"position\":2,\"name\":\"ACTUALITZAR DIEXCA GRUP\"}]},{\"@type\":\"WebSite\",\"@id\":\"https:\/\/diexca.com\/novaweb2021\/#website\",\"url\":\"https:\/\/diexca.com\/novaweb2021\/\",\"name\":\"Diexca\",\"description\":\"Experts en distribuci\u00f3 des de 1973\",\"potentialAction\":[{\"@type\":\"SearchAction\",\"target\":{\"@type\":\"EntryPoint\",\"urlTemplate\":\"https:\/\/diexca.com\/novaweb2021\/?s={search_term_string}\"},\"query-input\":{\"@type\":\"PropertyValueSpecification\",\"valueRequired\":true,\"valueName\":\"search_term_string\"}}],\"inLanguage\":\"ca\"}]}<\/script>\n<!-- \/ Yoast SEO plugin. -->","yoast_head_json":{"title":"ACTUALITZAR DIEXCA GRUP - Diexca","robots":{"index":"index","follow":"follow","max-snippet":"max-snippet:-1","max-image-preview":"max-image-preview:large","max-video-preview":"max-video-preview:-1"},"canonical":"https:\/\/diexca.com\/novaweb2021\/actualitzar-diexca-grup\/","og_locale":"ca_ES","og_type":"article","og_title":"ACTUALITZAR DIEXCA GRUP - Diexca","og_url":"https:\/\/diexca.com\/novaweb2021\/actualitzar-diexca-grup\/","og_site_name":"Diexca","article_modified_time":"2023-11-09T18:23:30+00:00","twitter_card":"summary_large_image","twitter_misc":{"Temps estimat de lectura":"6 minuts"},"schema":{"@context":"https:\/\/schema.org","@graph":[{"@type":"WebPage","@id":"https:\/\/diexca.com\/novaweb2021\/actualitzar-diexca-grup\/","url":"https:\/\/diexca.com\/novaweb2021\/actualitzar-diexca-grup\/","name":"ACTUALITZAR DIEXCA GRUP - Diexca","isPartOf":{"@id":"https:\/\/diexca.com\/novaweb2021\/#website"},"datePublished":"2022-08-23T07:11:33+00:00","dateModified":"2023-11-09T18:23:30+00:00","breadcrumb":{"@id":"https:\/\/diexca.com\/novaweb2021\/actualitzar-diexca-grup\/#breadcrumb"},"inLanguage":"ca","potentialAction":[{"@type":"ReadAction","target":["https:\/\/diexca.com\/novaweb2021\/actualitzar-diexca-grup\/"]}]},{"@type":"BreadcrumbList","@id":"https:\/\/diexca.com\/novaweb2021\/actualitzar-diexca-grup\/#breadcrumb","itemListElement":[{"@type":"ListItem","position":1,"name":"Inici","item":"https:\/\/diexca.com\/novaweb2021\/"},{"@type":"ListItem","position":2,"name":"ACTUALITZAR DIEXCA GRUP"}]},{"@type":"WebSite","@id":"https:\/\/diexca.com\/novaweb2021\/#website","url":"https:\/\/diexca.com\/novaweb2021\/","name":"Diexca","description":"Experts en distribuci\u00f3 des de 1973","potentialAction":[{"@type":"SearchAction","target":{"@type":"EntryPoint","urlTemplate":"https:\/\/diexca.com\/novaweb2021\/?s={search_term_string}"},"query-input":{"@type":"PropertyValueSpecification","valueRequired":true,"valueName":"search_term_string"}}],"inLanguage":"ca"}]}},"_links":{"self":[{"href":"https:\/\/diexca.com\/novaweb2021\/wp-json\/wp\/v2\/pages\/2712","targetHints":{"allow":["GET"]}}],"collection":[{"href":"https:\/\/diexca.com\/novaweb2021\/wp-json\/wp\/v2\/pages"}],"about":[{"href":"https:\/\/diexca.com\/novaweb2021\/wp-json\/wp\/v2\/types\/page"}],"author":[{"embeddable":true,"href":"https:\/\/diexca.com\/novaweb2021\/wp-json\/wp\/v2\/users\/2"}],"replies":[{"embeddable":true,"href":"https:\/\/diexca.com\/novaweb2021\/wp-json\/wp\/v2\/comments?post=2712"}],"version-history":[{"count":13,"href":"https:\/\/diexca.com\/novaweb2021\/wp-json\/wp\/v2\/pages\/2712\/revisions"}],"predecessor-version":[{"id":3680,"href":"https:\/\/diexca.com\/novaweb2021\/wp-json\/wp\/v2\/pages\/2712\/revisions\/3680"}],"wp:attachment":[{"href":"https:\/\/diexca.com\/novaweb2021\/wp-json\/wp\/v2\/media?parent=2712"}],"curies":[{"name":"wp","href":"https:\/\/api.w.org\/{rel}","templated":true}]}}