{"id":1968,"date":"2022-03-11T13:47:59","date_gmt":"2022-03-11T11:47:59","guid":{"rendered":"https:\/\/diexca.com\/novaweb2021\/?page_id=1968"},"modified":"2023-11-09T20:25:00","modified_gmt":"2023-11-09T18:25:00","slug":"condicions-legals-de-la-aplicacio-diexca-grup","status":"publish","type":"page","link":"https:\/\/diexca.com\/novaweb2021\/condicions-legals-de-la-aplicacio-diexca-grup\/","title":{"rendered":"Condicions legals de la aplicaci\u00f3 DIEXCA GRUP"},"content":{"rendered":"<h1><span style=\"color: #000000;\"><strong>T\u00e9rminos y condiciones de uso<\/strong><\/span><\/h1>\n<p><span style=\"color: #000000;\">Le rogamos que lea detenidamente las presentes condiciones antes de utilizar los Servicios de <strong>DIEXCA, S.A, <\/strong>en adelante <strong>DIEXCA GRUP<\/strong>. Al utilizar los Servicios de <strong>DIEXCA GRUP<\/strong>, usted acepta quedar vinculado por las presentes condiciones.<\/span><\/p>\n<p><span style=\"color: #000000;\">El presente recoge las condiciones generales que rigen el acceso y el uso de la aplicaci\u00f3n <strong>DIEXCA GRUP<\/strong>, de la que es titular <strong>DIEXCA, S.A<\/strong>., E-mail: <strong>info@diexca.com<\/strong>.<\/span><\/p>\n<p><span style=\"color: #000000;\"><strong>DIEXCA GRUP <\/strong>se encuentra inscrita en el <strong>Registro Mercantil de Tarragona<\/strong>, <strong>tomo 333, l\u00ednea 257, hoja 5434 y folio 97.<\/strong><\/span><\/p>\n<p><span style=\"color: #000000;\">El acceso y uso de esta aplicaci\u00f3n implica la expresa y plena aceptaci\u00f3n de estas condiciones generales en la versi\u00f3n publicada en el momento en que el usuario acceda a la misma, sin perjuicio de las condiciones particulares que pudieran aplicarse en algunos de los servicios concretos de la aplicaci\u00f3n.<\/span><\/p>\n<p><span style=\"color: #000000;\">El usuario acepta que el acceso a la presente aplicaci\u00f3n y a los contenidos incluidos en la misma tienen lugar libre y conscientemente, bajo su exclusiva responsabilidad.<\/span><\/p>\n<p><span style=\"color: #000000;\">Los usuarios acceden para determinados contenidos o servicios.<\/span><\/p>\n<p><span style=\"color: #000000;\"><strong>DIEXCA GRUP<\/strong> se reserva el derecho a modificar en cualquier momento la presentaci\u00f3n, configuraci\u00f3n y localizaci\u00f3n de la aplicaci\u00f3n, as\u00ed como los contenidos, servicios y las condiciones requeridas para utilizar la misma cuando lo considere oportuno o con la finalidad de adecuarse a los cambios legislativos y tecnol\u00f3gicos futuros. Estas modificaciones ser\u00e1n v\u00e1lidas desde su publicaci\u00f3n en la aplicaci\u00f3n.<\/span><\/p>\n<p><span style=\"color: #000000;\"><strong>DIEXCA GRUP<\/strong> se reserva el derecho a interrumpir el acceso a la presente aplicaci\u00f3n en cualquier momento y sin previo aviso, ya sea por motivos t\u00e9cnicos, de seguridad, de control, de mantenimiento, por fallos de suministro el\u00e9ctrico, o por cualquier otra causa. Dicha interrupci\u00f3n podr\u00e1 tener car\u00e1cter temporal o definitivo, en cuyo caso se comunicar\u00e1 tal circunstancia a los usuarios, quienes podr\u00e1n sufrir la p\u00e9rdida, en su caso, de la informaci\u00f3n almacenada en los distintos servicios, sin dar lugar a indemnizaci\u00f3n alguna.<\/span><\/p>\n<p><span style=\"color: #000000;\">Nos reservamos el derecho a denegar el acceso al servicio, a cancelar cualesquiera cuentas y a eliminar o modificar cualquier contenido en caso de que el usuario incumpliera la legislaci\u00f3n aplicable, las presentes Condiciones de uso o cualesquiera otros t\u00e9rminos y condiciones o pol\u00edticas aplicables.<\/span><\/p>\n<p>&nbsp;<\/p>\n<h2><span style=\"color: #000000;\"><strong><u>Propiedad Intelectual<\/u><\/strong><\/span><\/h2>\n<p><span style=\"color: #000000;\"><strong>DIEXCA GRUP <\/strong>ostenta la titularidad de la presente aplicaci\u00f3n. Todos los derechos de propiedad industrial e intelectual sobre esta aplicaci\u00f3n est\u00e1n legalmente reservados, por lo que el acceso al mismo o su utilizaci\u00f3n, por parte del usuario, no debe considerarse, en forma alguna, como el otorgamiento de ninguna licencia de uso o derecho sobre cualquier activo.<\/span><\/p>\n<p><span style=\"color: #000000;\">Los usuarios de la aplicaci\u00f3n \u00fanicamente podr\u00e1n realizar un uso privado, personal o profesional de los contenidos de \u00e9ste. Est\u00e1 absolutamente prohibido, el uso de la aplicaci\u00f3n o de alguno de sus elementos con fines comerciales o il\u00edcitos.<\/span><\/p>\n<p><span style=\"color: #000000;\">No se podr\u00e1n realizar actos de reproducci\u00f3n, modificaci\u00f3n, distribuci\u00f3n o comunicaci\u00f3n p\u00fablica de la aplicaci\u00f3n sin el previo consentimiento por escrito de <strong>DIEXCA GRUP <\/strong>Queda prohibida la reproducci\u00f3n de los contenidos de la aplicaci\u00f3n, salvo que est\u00e9 permitido legalmente y se cite la procedencia o, en su defecto, se autorice por escrito lo contrario. En aquellos casos en que se produzca la necesaria autorizaci\u00f3n previa por escrito, dicha autorizaci\u00f3n sustituir\u00e1 la prohibici\u00f3n general antes citada y mencionar\u00e1 claramente las posibles restricciones de uso.<\/span><\/p>\n<p><span style=\"color: #000000;\"><strong>DIEXCA GRUP <\/strong>no asumir\u00e1 ninguna responsabilidad derivada del uso por terceros del contenido de la aplicaci\u00f3n y podr\u00e1 ejercitar todas las acciones civiles o penales que le correspondan en caso de infracci\u00f3n de estos derechos por parte del usuario.<\/span><\/p>\n<p>&nbsp;<\/p>\n<h2><span style=\"color: #000000;\"><strong><u>Su cuenta<\/u><\/strong><\/span><\/h2>\n<p><span style=\"color: #000000;\">Cuando usted utiliza los Servicios de <strong>DIEXCA GRUP <\/strong>es responsable de mantener la confidencialidad de los datos de su cuenta y su contrase\u00f1a, as\u00ed como de restringir el acceso a su ordenador y a sus dispositivos. En la medida en que as\u00ed lo permita la legislaci\u00f3n aplicable, usted acepta asumir la responsabilidad que proceda por todas las actividades realizadas desde su cuenta o utilizando su contrase\u00f1a. Usted deber\u00e1 tomar todas las medidas necesarias a efectos de asegurar y salvaguardar la confidencialidad de su contrase\u00f1a, y deber\u00e1 informarnos inmediatamente en caso de que tenga motivos para creer que su contrase\u00f1a ha sido puesta en conocimiento de un tercero, o si \u00e9sta ha sido utilizada de manera no autorizada o es susceptible de serlo. Es su responsabilidad comprobar que los datos que nos facilita son correctos y completos, viniendo asimismo obligado a informarnos inmediatamente cuando tenga lugar cualquier variaci\u00f3n en la informaci\u00f3n que nos ha facilitado.<\/span><\/p>\n<p><span style=\"color: #000000;\">No podr\u00e1 utilizar ning\u00fan Servicio de <strong>DIEXCA GRUP<\/strong>: (i) en forma alguna que cause, o pueda causar, da\u00f1o o perjuicio alguno a cualquiera de los Servicios de <strong>DIEXCA GRUP <\/strong>o la interrupci\u00f3n del acceso a los mismos; (ii) para cualquier fin fraudulento, ni a efectos de la comisi\u00f3n de delito alguno u otra actividad il\u00edcita de ning\u00fan otro tipo; o (iii) para generar cualquier tipo de molestia, inconveniente o ansiedad en un tercero.<\/span><\/p>\n<p><span style=\"color: #000000;\">Los usuarios podr\u00e1n enviar comunicaciones, sugerencias, ideas, comentarios, preguntas u otra informaci\u00f3n, siempre que el contenido de las mismas no resulte il\u00edcito, obsceno, abusivo, constituya un supuesto de amenaza o difamaci\u00f3n, o invada la privacidad de terceros, infrinja derechos de propiedad intelectual o de cualquier otra forma resulte ofensivo para terceros o censurable, ni consista en o contenga virus inform\u00e1ticos, propaganda pol\u00edtica o contenido publicitario, correos en cadena, env\u00edo masivo de correos o constituya cualquier otro tipo de \u2018spam\u2019. No est\u00e1 permitido el uso de direcciones de correo falsas, ni suplantar la identidad de otra persona o entidad, ni falsear de cualquier otro modo el origen de cualquier otro contenido.<\/span><\/p>\n<p>&nbsp;<\/p>\n<h2><span style=\"color: #000000;\"><strong><u>Cl\u00e1usula de exenci\u00f3n de responsabilidad<\/u><\/strong><\/span><\/h2>\n<p><span style=\"color: #000000;\">Los contenidos incorporados a la aplicaci\u00f3n han sido elaborados en todo momento de buena fe con el prop\u00f3sito de dar informaci\u00f3n a los usuarios, por lo que <strong>DIEXCA GRUP <\/strong>no asume ning\u00fan tipo de responsabilidad respecto a la integridad o exactitud de la citada informaci\u00f3n ni garantiza la exactitud ni la puesta al d\u00eda de la informaci\u00f3n que se pueda obtener de la misma, la cual podr\u00e1 ser modificada sin previo aviso. Tampoco se responsabiliza de los eventuales errores tipogr\u00e1ficos, formales o num\u00e9ricos que pueda contener la aplicaci\u00f3n.<\/span><\/p>\n<p><span style=\"color: #000000;\"><strong>DIEXCA GRUP <\/strong>no se responsabiliza del mal uso o abuso que los usuarios puedan hacer de la aplicaci\u00f3n.<\/span><\/p>\n<p>&nbsp;<\/p>\n<h2><span style=\"color: #000000;\"><strong><u>Responsabilidad por el funcionamiento de la aplicaci\u00f3n.<\/u><\/strong><\/span><\/h2>\n<p><span style=\"color: #000000;\"><strong>DIEXCA GRUP <\/strong>intentar\u00e1 reducir al m\u00ednimo los problemas ocasionados por errores de car\u00e1cter t\u00e9cnico, pudiendo proceder a la suspensi\u00f3n temporal de los servicios y contenidos de la aplicaci\u00f3n para efectuar operaciones de mantenimiento, mejora o reparaci\u00f3n de los mismos, sin que ello origine indemnizaci\u00f3n alguna al usuario por estos conceptos. Se advierte que alguna informaci\u00f3n contenida en esta aplicaci\u00f3n puede haber sido creada o recogida en archivos o formatos no exentos de errores, por lo que no se puede garantizar que el servicio no quede interrumpido o afectado por tales problemas. <strong>DIEXCA GRUP <\/strong>no asume responsabilidad alguna respecto de los da\u00f1os que pudieran ocasionar al usuario a resultas de la consulta de la presente aplicaci\u00f3n, o de aquellas otras externas objeto de reenv\u00edo. <strong>DIEXCA GRUP <\/strong>no ser\u00e1 responsable en caso de que existan interrupciones del servicio, o mal funcionamiento del mismo que tengan su origen en supuestos de caso fortuito, fuerza mayor u otras causas que escapan de su control.<\/span><\/p>\n<p>&nbsp;<\/p>\n<h2><span style=\"color: #000000;\"><strong><u>Responsabilidad por el uso de enlaces<\/u><\/strong><\/span><\/h2>\n<p><span style=\"color: #000000;\"><strong>DIEXCA GRUP <\/strong>no asume ninguna responsabilidad derivada de la existencia de enlaces entre los contenidos de esta aplicaci\u00f3n y contenidos situados fuera del mismo, o de cualquier otra menci\u00f3n de contenidos externos a la misma. En el caso de que <strong>DIEXCA GRUP <\/strong>constate por alg\u00fan medio la ilicitud de la aplicaci\u00f3n, o que lesiona bienes o derechos de un tercero susceptibles de indemnizaci\u00f3n, la empresa suprimir\u00e1 o inutilizar\u00e1 dicho enlace. La presencia de otros enlaces en la aplicaci\u00f3n tiene una finalidad meramente informativa, no constituyendo en ning\u00fan caso una invitaci\u00f3n o recomendaci\u00f3n a la contrataci\u00f3n de productos o servicios que se ofrezcan en el sitio de Internet de destino, y en ning\u00fan caso implican el apoyo a las personas o entidades autoras de tales contenidos o titulares de los sitios donde se encuentren. De esta manera <strong>DIEXCA GRUP <\/strong>no se responsabiliza del contenido y disponibilidad de los sitios web a los que enlaza fuera de su aplicaci\u00f3n, de cualquier da\u00f1o o p\u00e9rdida que pueda surgir por la conexi\u00f3n o por el uso de cualquier contenido, producto o servicio disponible en la aplicaci\u00f3n a los que se dirijan los enlaces.<\/span><\/p>\n<p>&nbsp;<\/p>\n<h2><span style=\"color: #000000;\"><strong><u>Incumplimiento de las Condiciones de Uso<\/u><\/strong><\/span><\/h2>\n<p><span style=\"color: #000000;\">En caso de incumplimiento por su parte de las presentes Condiciones de Uso, y aun cuando pudi\u00e9ramos optar por no ejercitar cualesquiera derechos a nuestro alcance en dicho momento, podremos hacer uso de tales derechos y acciones en cualquier otra ocasi\u00f3n en la que usted pudiera incumplir nuevamente las presentes Condiciones de Uso.<\/span><\/p>\n<p>&nbsp;<\/p>\n<h2><span style=\"color: #000000;\"><strong><u>Cl\u00e1usula para formularios<\/u><\/strong><\/span><\/h2>\n<p><span style=\"color: #000000;\">En el caso de que <strong>DIEXCA GRUP <\/strong>disponga de formularios, la identificaci\u00f3n del usuario es plena, ya que es el propio usuario el que, voluntariamente, introduce sus datos en nuestros formularios. Con la incorporaci\u00f3n de sus datos, el Usuario manifiesta que son reales, veraces y asume su responsabilidad en caso de que fueran fraudulentos.<\/span><\/p>\n<p><span style=\"color: #000000;\">La informaci\u00f3n facilitada por el usuario ser\u00e1 utilizada por <strong>DIEXCA GRUP <\/strong>exclusivamente para las finalidades que se informen en cada caso.<\/span><\/p>\n<p><span style=\"color: #000000;\">Cada uno de nuestros formularios incluye una cl\u00e1usula espec\u00edfica de privacidad mediante la cual el usuario dar\u00e1 voluntariamente su consentimiento al tratamiento automatizado de los datos facilitados.<\/span><\/p>\n<p><span style=\"color: #000000;\"><strong>DIEXCA GRUP <\/strong>es el responsable del fichero CLIENTES Y PROVEEDORES generado con los datos de car\u00e1cter personal suministrados, entre otros, por los usuarios de su aplicaci\u00f3n. De acuerdo con la Ley Org\u00e1nica 15\/1999, de 13 de diciembre, de Protecci\u00f3n de Datos de Car\u00e1cter Personal, <strong>DIEXCA GRUP <\/strong>se compromete al cumplimiento de su obligaci\u00f3n de secreto con respecto a los datos de car\u00e1cter personal y al deber de tratarlos con confidencialidad y adoptar las medidas de seguridad necesarias para evitar su alteraci\u00f3n, p\u00e9rdida, tratamiento o acceso no autorizado.<\/span><\/p>\n<p><span style=\"color: #000000;\">Los datos personales recabados no ser\u00e1n cedidos a terceros sin su consentimiento expreso.<\/span><\/p>\n<p><span style=\"color: #000000;\">El usuario que figure en nuestras bases de datos podr\u00e1 ejercitar en todo momento sus derechos de acceso, rectificaci\u00f3n, cancelaci\u00f3n y oposici\u00f3n, mediante solicitud remitida por correo ordinario, firmado y acompa\u00f1ado de fotocopia del D.N.I., a la direcci\u00f3n de <strong>DIEXCA GRUP <\/strong>antes indicada.<\/span><\/p>\n<p><span style=\"color: #000000;\">Si desea aclarar alg\u00fan aspecto relacionado con la pol\u00edtica de privacidad de <strong>DIEXCA GRUP<\/strong>., en relaci\u00f3n a los usuarios que visitan nuestra aplicaci\u00f3n, no dude en ponerse en contacto con nosotros a trav\u00e9s de la siguiente direcci\u00f3n de correo electr\u00f3nico: <strong>info@diexca.com<\/strong>.<\/span><\/p>\n<div style=\"display:table-column;\"><a \n<\/div><\/p>\n","protected":false},"excerpt":{"rendered":"<p>T\u00e9rminos y condiciones de uso Le rogamos que lea detenidamente<\/p>\n","protected":false},"author":2,"featured_media":0,"parent":0,"menu_order":0,"comment_status":"closed","ping_status":"closed","template":"","meta":{"_monsterinsights_skip_tracking":false,"_monsterinsights_sitenote_active":false,"_monsterinsights_sitenote_note":"","_monsterinsights_sitenote_category":0,"footnotes":""},"class_list":["post-1968","page","type-page","status-publish","hentry"],"yoast_head":"<!-- This site is optimized with the Yoast SEO plugin v27.1.1 - https:\/\/yoast.com\/product\/yoast-seo-wordpress\/ -->\n<title>Condicions legals de la aplicaci\u00f3 DIEXCA GRUP - Diexca<\/title>\n<meta name=\"robots\" content=\"index, follow, max-snippet:-1, max-image-preview:large, max-video-preview:-1\" \/>\n<link rel=\"canonical\" href=\"https:\/\/diexca.com\/novaweb2021\/condicions-legals-de-la-aplicacio-diexca-grup\/\" \/>\n<meta property=\"og:locale\" content=\"ca_ES\" \/>\n<meta property=\"og:type\" content=\"article\" \/>\n<meta property=\"og:title\" content=\"Condicions legals de la aplicaci\u00f3 DIEXCA GRUP - Diexca\" \/>\n<meta property=\"og:description\" content=\"T\u00e9rminos y condiciones de uso Le rogamos que lea detenidamente\" \/>\n<meta property=\"og:url\" content=\"https:\/\/diexca.com\/novaweb2021\/condicions-legals-de-la-aplicacio-diexca-grup\/\" \/>\n<meta property=\"og:site_name\" content=\"Diexca\" \/>\n<meta property=\"article:modified_time\" content=\"2023-11-09T18:25:00+00:00\" \/>\n<meta name=\"twitter:card\" content=\"summary_large_image\" \/>\n<meta name=\"twitter:label1\" content=\"Temps estimat de lectura\" \/>\n\t<meta name=\"twitter:data1\" content=\"8 minuts\" \/>\n<script type=\"application\/ld+json\" class=\"yoast-schema-graph\">{\"@context\":\"https:\/\/schema.org\",\"@graph\":[{\"@type\":\"WebPage\",\"@id\":\"https:\/\/diexca.com\/novaweb2021\/condicions-legals-de-la-aplicacio-diexca-grup\/\",\"url\":\"https:\/\/diexca.com\/novaweb2021\/condicions-legals-de-la-aplicacio-diexca-grup\/\",\"name\":\"Condicions legals de la aplicaci\u00f3 DIEXCA GRUP - Diexca\",\"isPartOf\":{\"@id\":\"https:\/\/diexca.com\/novaweb2021\/#website\"},\"datePublished\":\"2022-03-11T11:47:59+00:00\",\"dateModified\":\"2023-11-09T18:25:00+00:00\",\"breadcrumb\":{\"@id\":\"https:\/\/diexca.com\/novaweb2021\/condicions-legals-de-la-aplicacio-diexca-grup\/#breadcrumb\"},\"inLanguage\":\"ca\",\"potentialAction\":[{\"@type\":\"ReadAction\",\"target\":[\"https:\/\/diexca.com\/novaweb2021\/condicions-legals-de-la-aplicacio-diexca-grup\/\"]}]},{\"@type\":\"BreadcrumbList\",\"@id\":\"https:\/\/diexca.com\/novaweb2021\/condicions-legals-de-la-aplicacio-diexca-grup\/#breadcrumb\",\"itemListElement\":[{\"@type\":\"ListItem\",\"position\":1,\"name\":\"Inici\",\"item\":\"https:\/\/diexca.com\/novaweb2021\/\"},{\"@type\":\"ListItem\",\"position\":2,\"name\":\"Condicions legals de la aplicaci\u00f3 DIEXCA GRUP\"}]},{\"@type\":\"WebSite\",\"@id\":\"https:\/\/diexca.com\/novaweb2021\/#website\",\"url\":\"https:\/\/diexca.com\/novaweb2021\/\",\"name\":\"Diexca\",\"description\":\"Experts en distribuci\u00f3 des de 1973\",\"potentialAction\":[{\"@type\":\"SearchAction\",\"target\":{\"@type\":\"EntryPoint\",\"urlTemplate\":\"https:\/\/diexca.com\/novaweb2021\/?s={search_term_string}\"},\"query-input\":{\"@type\":\"PropertyValueSpecification\",\"valueRequired\":true,\"valueName\":\"search_term_string\"}}],\"inLanguage\":\"ca\"}]}<\/script>\n<!-- \/ Yoast SEO plugin. -->","yoast_head_json":{"title":"Condicions legals de la aplicaci\u00f3 DIEXCA GRUP - Diexca","robots":{"index":"index","follow":"follow","max-snippet":"max-snippet:-1","max-image-preview":"max-image-preview:large","max-video-preview":"max-video-preview:-1"},"canonical":"https:\/\/diexca.com\/novaweb2021\/condicions-legals-de-la-aplicacio-diexca-grup\/","og_locale":"ca_ES","og_type":"article","og_title":"Condicions legals de la aplicaci\u00f3 DIEXCA GRUP - Diexca","og_description":"T\u00e9rminos y condiciones de uso Le rogamos que lea detenidamente","og_url":"https:\/\/diexca.com\/novaweb2021\/condicions-legals-de-la-aplicacio-diexca-grup\/","og_site_name":"Diexca","article_modified_time":"2023-11-09T18:25:00+00:00","twitter_card":"summary_large_image","twitter_misc":{"Temps estimat de lectura":"8 minuts"},"schema":{"@context":"https:\/\/schema.org","@graph":[{"@type":"WebPage","@id":"https:\/\/diexca.com\/novaweb2021\/condicions-legals-de-la-aplicacio-diexca-grup\/","url":"https:\/\/diexca.com\/novaweb2021\/condicions-legals-de-la-aplicacio-diexca-grup\/","name":"Condicions legals de la aplicaci\u00f3 DIEXCA GRUP - Diexca","isPartOf":{"@id":"https:\/\/diexca.com\/novaweb2021\/#website"},"datePublished":"2022-03-11T11:47:59+00:00","dateModified":"2023-11-09T18:25:00+00:00","breadcrumb":{"@id":"https:\/\/diexca.com\/novaweb2021\/condicions-legals-de-la-aplicacio-diexca-grup\/#breadcrumb"},"inLanguage":"ca","potentialAction":[{"@type":"ReadAction","target":["https:\/\/diexca.com\/novaweb2021\/condicions-legals-de-la-aplicacio-diexca-grup\/"]}]},{"@type":"BreadcrumbList","@id":"https:\/\/diexca.com\/novaweb2021\/condicions-legals-de-la-aplicacio-diexca-grup\/#breadcrumb","itemListElement":[{"@type":"ListItem","position":1,"name":"Inici","item":"https:\/\/diexca.com\/novaweb2021\/"},{"@type":"ListItem","position":2,"name":"Condicions legals de la aplicaci\u00f3 DIEXCA GRUP"}]},{"@type":"WebSite","@id":"https:\/\/diexca.com\/novaweb2021\/#website","url":"https:\/\/diexca.com\/novaweb2021\/","name":"Diexca","description":"Experts en distribuci\u00f3 des de 1973","potentialAction":[{"@type":"SearchAction","target":{"@type":"EntryPoint","urlTemplate":"https:\/\/diexca.com\/novaweb2021\/?s={search_term_string}"},"query-input":{"@type":"PropertyValueSpecification","valueRequired":true,"valueName":"search_term_string"}}],"inLanguage":"ca"}]}},"_links":{"self":[{"href":"https:\/\/diexca.com\/novaweb2021\/wp-json\/wp\/v2\/pages\/1968","targetHints":{"allow":["GET"]}}],"collection":[{"href":"https:\/\/diexca.com\/novaweb2021\/wp-json\/wp\/v2\/pages"}],"about":[{"href":"https:\/\/diexca.com\/novaweb2021\/wp-json\/wp\/v2\/types\/page"}],"author":[{"embeddable":true,"href":"https:\/\/diexca.com\/novaweb2021\/wp-json\/wp\/v2\/users\/2"}],"replies":[{"embeddable":true,"href":"https:\/\/diexca.com\/novaweb2021\/wp-json\/wp\/v2\/comments?post=1968"}],"version-history":[{"count":11,"href":"https:\/\/diexca.com\/novaweb2021\/wp-json\/wp\/v2\/pages\/1968\/revisions"}],"predecessor-version":[{"id":3690,"href":"https:\/\/diexca.com\/novaweb2021\/wp-json\/wp\/v2\/pages\/1968\/revisions\/3690"}],"wp:attachment":[{"href":"https:\/\/diexca.com\/novaweb2021\/wp-json\/wp\/v2\/media?parent=1968"}],"curies":[{"name":"wp","href":"https:\/\/api.w.org\/{rel}","templated":true}]}}